{"id":603,"date":"2021-03-21T18:01:00","date_gmt":"2021-03-21T18:01:00","guid":{"rendered":"http:\/\/apegs.ch\/?page_id=603"},"modified":"2025-05-12T19:42:45","modified_gmt":"2025-05-12T19:42:45","slug":"nos-projets","status":"publish","type":"page","link":"http:\/\/apegs.ch\/?page_id=603","title":{"rendered":"Nos projets"},"content":{"rendered":"<h1 class=\"F9yp7e ikZYwf LgNcQe\" dir=\"auto\" role=\"heading\" aria-level=\"1\"><strong><img loading=\"lazy\" decoding=\"async\" class=\"wp-image-1111 alignleft\" src=\"http:\/\/apegs.ch\/wp-content\/uploads\/2022\/03\/semaine-sans-e__cran-300x300.jpg\" alt=\"\" width=\"198\" height=\"198\" srcset=\"http:\/\/apegs.ch\/wp-content\/uploads\/2022\/03\/semaine-sans-e__cran-300x300.jpg 300w, http:\/\/apegs.ch\/wp-content\/uploads\/2022\/03\/semaine-sans-e__cran-150x150.jpg 150w, http:\/\/apegs.ch\/wp-content\/uploads\/2022\/03\/semaine-sans-e__cran.jpg 400w\" sizes=\"auto, (max-width: 198px) 100vw, 198px\" \/><\/strong><\/h1>\n<h2 class=\"F9yp7e ikZYwf LgNcQe\" dir=\"auto\" role=\"heading\" aria-level=\"1\"><strong>Semaine Sans \u00c9<\/strong><strong>cran 2025 &#8211; Du 12 au 16 mai<\/strong><\/h2>\n<div dir=\"ltr\" data-setdir=\"false\"><a href=\"http:\/\/apegs.ch\/wp-content\/uploads\/2025\/05\/Programme_SSE_2025_APEGS.pdf\">Programme SSE 2025<\/a><\/div>\n<p><a href=\"http:\/\/apegs.ch\/wp-content\/uploads\/2025\/05\/Course-dorientation-2025_APEGS.pdf\">Course d&#8217;orientation<\/a><\/p>\n<p>&nbsp;<\/p>\n<p>&nbsp;<\/p>\n<p>&nbsp;<\/p>\n<p>&nbsp;<\/p>\n<p>&nbsp;<\/p>\n<p>&nbsp;<\/p>\n<p>&nbsp;<\/p>\n<h2><img loading=\"lazy\" decoding=\"async\" class=\"wp-image-1567 alignleft\" src=\"http:\/\/apegs.ch\/wp-content\/uploads\/2025\/05\/Visuel-720x1024.jpg\" alt=\"\" width=\"248\" height=\"352\" srcset=\"http:\/\/apegs.ch\/wp-content\/uploads\/2025\/05\/Visuel-720x1024.jpg 720w, http:\/\/apegs.ch\/wp-content\/uploads\/2025\/05\/Visuel-211x300.jpg 211w, http:\/\/apegs.ch\/wp-content\/uploads\/2025\/05\/Visuel-768x1092.jpg 768w, http:\/\/apegs.ch\/wp-content\/uploads\/2025\/05\/Visuel-1080x1536.jpg 1080w, http:\/\/apegs.ch\/wp-content\/uploads\/2025\/05\/Visuel.jpg 1225w\" sizes=\"auto, (max-width: 248px) 100vw, 248px\" \/><\/h2>\n<h2>Vide-greniers &#8211; Samedi 17 mai 2025<\/h2>\n<h2><span style=\"font-size: 16px;\">Chers parents,<\/span><\/h2>\n<p>Nous avons le plaisir de vous inviter chaleureusement \u00e0 un \u00e9v\u00e9nement qui promet d&#8217;apporter joie et convivialit\u00e9 \u00e0 toute la famille : &#8220;Le Grand-Saconnex en f\u00eate&#8221;.<br \/>\nOrganis\u00e9 en collaboration avec la ville du Grand-Saconnex et l&#8217;association Vide-Greniers de Saconnay, cet \u00e9v\u00e9nement tant attendu fait suite au succ\u00e8s retentissant de l&#8217;\u00e9dition 2024.<br \/>\nQue vous souhaitiez d\u00e9nicher un cadeau sp\u00e9cial, vendre des jouets dont vos enfants n&#8217;ont plus besoin, ou simplement passer un moment agr\u00e9able en famille, notre vide-greniers r\u00e9pondra \u00e0 toutes vos attentes.<br \/>\nPour participer et r\u00e9server votre emplacement afin de donner une seconde vie \u00e0 vos objets, nous vous encourageons \u00e0 vous inscrire d\u00e8s maintenant. Au plaisir de vous retrouver pour c\u00e9l\u00e9brer avec nous &#8220;Le Grand-Saconnex en f\u00eate&#8221; !<br \/>\nPour toute inscription, merci de nous contacter par email \u00e0 : <a href=\"mailto:contact@apegs.ch\">contact@apegs.ch<\/a><\/p>\n<p>&nbsp;<\/p>\n<p>&nbsp;<\/p>\n<h2 class=\"F9yp7e ikZYwf LgNcQe\" dir=\"auto\" role=\"heading\" aria-level=\"1\"><img loading=\"lazy\" decoding=\"async\" class=\"size-medium wp-image-1447 alignleft\" src=\"http:\/\/apegs.ch\/wp-content\/uploads\/2023\/12\/Escalade-1-292x300.jpg\" alt=\"\" width=\"292\" height=\"300\" srcset=\"http:\/\/apegs.ch\/wp-content\/uploads\/2023\/12\/Escalade-1-292x300.jpg 292w, http:\/\/apegs.ch\/wp-content\/uploads\/2023\/12\/Escalade-1-768x788.jpg 768w, http:\/\/apegs.ch\/wp-content\/uploads\/2023\/12\/Escalade-1-998x1024.jpg 998w\" sizes=\"auto, (max-width: 292px) 100vw, 292px\" \/>F\u00eate de l&#8217;escalade \u00e0 Tour\/Pommier &#8211; Quel succ\u00e8s!<\/h2>\n<p dir=\"auto\" role=\"heading\" aria-level=\"1\">Pour la 3e ann\u00e9e cons\u00e9cutive, les \u00e9coles Tour et Pommier ont f\u00eat\u00e9 l&#8217;Escalade jeudi 12 d\u00e9cembre au soir, r\u00e9unissant parents et enfants.<\/p>\n<p dir=\"auto\" role=\"heading\" aria-level=\"1\">Vous \u00e9tiez tr\u00e8s nombreux et nombreuses \u00e0 venir partager ce moment convivial, au rythme de la fanfare malgr\u00e9 une m\u00e9t\u00e9o un peu capricieuse. Gr\u00e2ce aux l\u00e9gumes apport\u00e9s par vos enfants, plus de 140 litres de soupe ont \u00e9t\u00e9 pr\u00e9par\u00e9s et servis.<\/p>\n<p dir=\"auto\" role=\"heading\" aria-level=\"1\">Au plaisir de vous retrouver l&#8217;ann\u00e9e prochaine!<\/p>\n<p dir=\"auto\" role=\"heading\" aria-level=\"1\"><img loading=\"lazy\" decoding=\"async\" class=\"alignnone  wp-image-1559\" src=\"http:\/\/apegs.ch\/wp-content\/uploads\/2025\/04\/Photo-escalade-2024-1024x768.jpg\" alt=\"\" width=\"226\" height=\"170\" srcset=\"http:\/\/apegs.ch\/wp-content\/uploads\/2025\/04\/Photo-escalade-2024-1024x768.jpg 1024w, http:\/\/apegs.ch\/wp-content\/uploads\/2025\/04\/Photo-escalade-2024-300x225.jpg 300w, http:\/\/apegs.ch\/wp-content\/uploads\/2025\/04\/Photo-escalade-2024-768x576.jpg 768w, http:\/\/apegs.ch\/wp-content\/uploads\/2025\/04\/Photo-escalade-2024-1536x1152.jpg 1536w, http:\/\/apegs.ch\/wp-content\/uploads\/2025\/04\/Photo-escalade-2024-120x90.jpg 120w, http:\/\/apegs.ch\/wp-content\/uploads\/2025\/04\/Photo-escalade-2024.jpg 1600w\" sizes=\"auto, (max-width: 226px) 100vw, 226px\" \/><\/p>\n<h1 dir=\"auto\" role=\"heading\" aria-level=\"1\"><\/h1>\n<p>&nbsp;<\/p>\n<h2 class=\"F9yp7e ikZYwf LgNcQe\" dir=\"auto\" role=\"heading\" aria-level=\"1\">Le relai est pass\u00e9 &#8211; Nouveau comit\u00e9 de l&#8217;APEGS<\/h2>\n<p>Un grand merci \u00e0 chacune et chacun pour votre pr\u00e9sence chaleureuse hier soir \u00e0 notre Assembl\u00e9e G\u00e9n\u00e9rale.<\/p>\n<p>Gr\u00e2ce \u00e0 l&#8217;engagement de plusieurs parents dans le comit\u00e9, l&#8217;APEGS ne s\u2019\u00e9teint pas et retrouve un nouveau souffle pour notre plus grand bonheur.<\/p>\n<p>La nouvelle \u00e9quipe se pr\u00e9sentera prochainement.<\/p>\n<p>Votre APEGS<\/p>\n<p>&nbsp;<\/p>\n<p>&nbsp;<\/p>\n<h2 dir=\"auto\" role=\"heading\" aria-level=\"1\">Caf\u00e9 parents-enfants: Passage au cycle &#8211; 3 juin<\/h2>\n<p>Information \u00e0 venir.<\/p>\n<p>&nbsp;<\/p>\n<div><\/div>\n<hr \/>\n<div><strong>L&#8217;APEGS en 2023-2024:<\/strong><\/div>\n<div>\n<ul>\n<li>[21-22 juin] F\u00eates des \u00e9coles<\/li>\n<li>[6 mai] &#8220;Dys, D\u00e9ficit d\u2019attention, Autisme, Haut Potentiel, Hypersensibilit\u00e9 \u2013 Quand le cerveau fonctionne diff\u00e9remment !&#8221;<\/li>\n<li>[4 mai] \u201cLe Grand-Saconnex en f\u00eate &#8211; March\u00e9 de jouet &amp; Vide-greniers\u201d<\/li>\n<li>[8 d\u00e9cembre] F\u00eate de l&#8217;escalade \u00e0 Tour\/Pommier<\/li>\n<\/ul>\n<\/div>\n","protected":false},"excerpt":{"rendered":"<p>Semaine Sans \u00c9cran 2025 &#8211; Du 12 au 16 mai Programme SSE 2025 Course d&#8217;orientation &nbsp; &nbsp; &nbsp; &nbsp; &nbsp; &nbsp; &nbsp; Vide-greniers &#8211; Samedi 17 mai 2025 Chers parents, Nous avons le plaisir de vous inviter chaleureusement \u00e0 un \u00e9v\u00e9nement qui promet d&#8217;apporter joie et convivialit\u00e9 \u00e0 toute la famille : &#8220;Le Grand-Saconnex en&hellip;<\/p>\n","protected":false},"author":1,"featured_media":0,"parent":0,"menu_order":0,"comment_status":"closed","ping_status":"closed","template":"","meta":{"footnotes":""},"class_list":["post-603","page","type-page","status-publish","hentry"],"_links":{"self":[{"href":"http:\/\/apegs.ch\/index.php?rest_route=\/wp\/v2\/pages\/603","targetHints":{"allow":["GET"]}}],"collection":[{"href":"http:\/\/apegs.ch\/index.php?rest_route=\/wp\/v2\/pages"}],"about":[{"href":"http:\/\/apegs.ch\/index.php?rest_route=\/wp\/v2\/types\/page"}],"author":[{"embeddable":true,"href":"http:\/\/apegs.ch\/index.php?rest_route=\/wp\/v2\/users\/1"}],"replies":[{"embeddable":true,"href":"http:\/\/apegs.ch\/index.php?rest_route=%2Fwp%2Fv2%2Fcomments&post=603"}],"version-history":[{"count":115,"href":"http:\/\/apegs.ch\/index.php?rest_route=\/wp\/v2\/pages\/603\/revisions"}],"predecessor-version":[{"id":1616,"href":"http:\/\/apegs.ch\/index.php?rest_route=\/wp\/v2\/pages\/603\/revisions\/1616"}],"wp:attachment":[{"href":"http:\/\/apegs.ch\/index.php?rest_route=%2Fwp%2Fv2%2Fmedia&parent=603"}],"curies":[{"name":"wp","href":"https:\/\/api.w.org\/{rel}","templated":true}]}}