{"id":2,"date":"2016-05-10T03:48:21","date_gmt":"2016-05-10T03:48:21","guid":{"rendered":"http:\/\/martinvesely.ch\/apegs\/?page_id=2"},"modified":"2025-09-05T18:18:48","modified_gmt":"2025-09-05T18:18:48","slug":"sample-page","status":"publish","type":"page","link":"https:\/\/apegs.ch\/","title":{"rendered":""},"content":{"rendered":"\n<p><\/p>\n\n\n<div id=\"blockStyle31051Main302\" class=\" ccm-block-styles\">\n<h1><img loading=\"lazy\" decoding=\"async\" class=\" wp-image-1624 alignleft\" src=\"http:\/\/apegs.ch\/wp-content\/uploads\/2025\/09\/Capture-decran-2025-09-05-200602.png\" alt=\"\" width=\"250\" height=\"281\" srcset=\"https:\/\/apegs.ch\/wp-content\/uploads\/2025\/09\/Capture-decran-2025-09-05-200602.png 725w, https:\/\/apegs.ch\/wp-content\/uploads\/2025\/09\/Capture-decran-2025-09-05-200602-267x300.png 267w\" sizes=\"auto, (max-width: 250px) 100vw, 250px\" \/>Le Grand-Sac est \u00e0 nous!!!<\/h1>\n<p>\u201cGrand-Sac est \u00e0 nous\u201d est une grande f\u00eate gratuite et ouverte \u00e0 tous et toutes, ayant pour but d\u2019animer le quartier du Pommier et le Grand-Saconnex le temps d\u2019une journ\u00e9e et pr\u00e9vue par et pour les habitant-e-s.<\/p>\n<p><a href=\"http:\/\/apegs.ch\/wp-content\/uploads\/2025\/09\/Gd-Sac-est-a-nous_Flyer.pdf\">Gd-Sac est \u00e0 nous_Flyer<\/a><\/p>\n<p><a href=\"http:\/\/apegs.ch\/wp-content\/uploads\/2025\/09\/Gd-Sac-est-a-nous_Programme.pdf\">Gd-Sac est \u00e0 nous_Programme<\/a><\/p>\n<\/div>\n<p>Vous trouverez les informations utiles sur le site du <a href=\"https:\/\/clgrandsac.com\/2025\/09\/02\/le-grand-sac-est-a-nous-dimanche-21-septembre-au-pommier\/\">Centre de Loisirs<\/a>.<\/p>\n<p>&nbsp;<\/p>\n<p>&nbsp;<\/p>\n<div class=\"cBGGJ OIC90c\" dir=\"auto\">\n<div><hr \/>\n<p><strong><em>\u00c9v\u00e9nements et s\u00e9ances de l&#8217;ann\u00e9e scolaire 23-24:<\/em><\/strong><\/p>\n<p>[6 mai] Soir\u00e9e &#8220;Mon cerveau fonctionne diff\u00e9remment&#8221;<br \/>[4 mai] Grand-Saconnex en f\u00eates &#8211; March\u00e9 de jouets &amp; Vide-greniers<br \/>[23 janvier] S\u00e9ance du comit\u00e9 de l&#8217;APEGS<br \/>[18 janvier] Instance participative Tour\/Pommier<br \/>[1er d\u00e9cembre] S\u00e9ance Task Force incendie<br \/>[17 novembre] Assembl\u00e9e G\u00e9n\u00e9rale<br \/>[3 novembre] S\u00e9ance Task Force incendie<br \/>[17 octobre] S\u00e9ance de pr\u00e9sentation de l&#8217;APEGS en vue de l&#8217;AG<br \/>[22 et 29 septembre] R\u00e9union avec la direction de l&#8217;\u00e9cole Tour, le DIP et la Mairie pour la prise en charge des enfants dans l&#8217;ancienne Mairie<br \/>[20 septembre] S\u00e9ance de rentr\u00e9e du comit\u00e9 de l&#8217;APEGS<br \/>[31 ao\u00fbt] S\u00e9ance de rentr\u00e9e du comit\u00e9 de l&#8217;APEGS<\/p>\n<hr \/>\n<p><img loading=\"lazy\" decoding=\"async\" class=\"wp-image-640 alignleft\" src=\"http:\/\/apegs.ch\/wp-content\/uploads\/2021\/04\/APEGS-SHORT-LOGO-C-1-BLANC-300x237.jpg\" alt=\"\" width=\"72\" height=\"57\" srcset=\"https:\/\/apegs.ch\/wp-content\/uploads\/2021\/04\/APEGS-SHORT-LOGO-C-1-BLANC-300x237.jpg 300w, https:\/\/apegs.ch\/wp-content\/uploads\/2021\/04\/APEGS-SHORT-LOGO-C-1-BLANC.jpg 578w\" sizes=\"auto, (max-width: 72px) 100vw, 72px\" \/><\/p>\n<p class=\"paragraph_style_11\">Association des parents d&#8217;\u00e9l\u00e8ves du Grand-Saconnex<br \/>1218 Grand-Saconnex &#8211; Suisse<br \/><a title=\"mailto:contact@apegs.ch\" href=\"mailto:contact@apegs.ch\">contact@apegs.ch<\/a><\/p>\n<p>&nbsp;<\/p>\n<p>&nbsp;<\/p>\n<\/div>\n<\/div>","protected":false},"excerpt":{"rendered":"<p>Le Grand-Sac est \u00e0 nous!!! \u201cGrand-Sac est \u00e0 nous\u201d est une grande f\u00eate gratuite et ouverte \u00e0 tous et toutes, ayant pour but d\u2019animer le quartier du Pommier et le Grand-Saconnex le temps d\u2019une journ\u00e9e et pr\u00e9vue par et pour les habitant-e-s. Gd-Sac est \u00e0 nous_Flyer Gd-Sac est \u00e0 nous_Programme Vous trouverez les informations utiles&hellip;<\/p>\n","protected":false},"author":1,"featured_media":0,"parent":0,"menu_order":0,"comment_status":"closed","ping_status":"open","template":"","meta":{"footnotes":""},"class_list":["post-2","page","type-page","status-publish","hentry"],"_links":{"self":[{"href":"https:\/\/apegs.ch\/index.php?rest_route=\/wp\/v2\/pages\/2","targetHints":{"allow":["GET"]}}],"collection":[{"href":"https:\/\/apegs.ch\/index.php?rest_route=\/wp\/v2\/pages"}],"about":[{"href":"https:\/\/apegs.ch\/index.php?rest_route=\/wp\/v2\/types\/page"}],"author":[{"embeddable":true,"href":"https:\/\/apegs.ch\/index.php?rest_route=\/wp\/v2\/users\/1"}],"replies":[{"embeddable":true,"href":"https:\/\/apegs.ch\/index.php?rest_route=%2Fwp%2Fv2%2Fcomments&post=2"}],"version-history":[{"count":760,"href":"https:\/\/apegs.ch\/index.php?rest_route=\/wp\/v2\/pages\/2\/revisions"}],"predecessor-version":[{"id":1630,"href":"https:\/\/apegs.ch\/index.php?rest_route=\/wp\/v2\/pages\/2\/revisions\/1630"}],"wp:attachment":[{"href":"https:\/\/apegs.ch\/index.php?rest_route=%2Fwp%2Fv2%2Fmedia&parent=2"}],"curies":[{"name":"wp","href":"https:\/\/api.w.org\/{rel}","templated":true}]}}