{"id":21,"date":"2017-08-11T08:38:39","date_gmt":"2017-08-11T08:38:39","guid":{"rendered":"http:\/\/martinvesely.ch\/apegs\/?page_id=21"},"modified":"2023-08-31T21:02:48","modified_gmt":"2023-08-31T21:02:48","slug":"infos-et-renseignements","status":"publish","type":"page","link":"https:\/\/apegs.ch\/?page_id=21","title":{"rendered":"Liens et num\u00e9ros"},"content":{"rendered":"<div id=\"id2\" class=\"style_SkipStroke_1 shape-with-text\">\n<div class=\"text-content graphic_textbox_layout_style_default_External_197_231\">\n<div class=\"graphic_textbox_layout_style_default\">\n<p><strong>Quelques liens utiles<\/strong><\/p>\n<ul>\n<li><a href=\"http:\/\/edu.ge.ch\/primaire\/ecole\/tour\">\u00c9cole Tour<\/a><\/li>\n<li><a href=\"http:\/\/edu.ge.ch\/primaire\/ecole\/pommier\">\u00c9cole Pommier<\/a><\/li>\n<li><a href=\"http:\/\/edu.ge.ch\/primaire\/ecole\/grand-saconnex-village\">\u00c9cole Village<\/a><\/li>\n<li><a href=\"https:\/\/edu.ge.ch\/primaire\/ecole\/grand-saconnex-place\">\u00c9cole Place<\/a><\/li>\n<li><a href=\"http:\/\/www.clgrandsac.ch\/\">Centre de loisirs du Grand-Saconnex<\/a><\/li>\n<li><a href=\"http:\/\/www.legrandsac.ch\">Ludoth\u00e8que<\/a><\/li>\n<li><a href=\"http:\/\/www.giap.ch\">Parascolaire<\/a><\/li>\n<li><a href=\"http:\/\/www.grand-saconnex.ch\">Commune du Grand-Saconnex<\/a><\/li>\n<\/ul>\n<p>&nbsp;<\/p>\n<ul>\n<li><a href=\"http:\/\/www.fapeo.ch\">FAPEO<\/a><\/li>\n<li><a href=\"http:\/\/www.ep-ge.ch\">\u00c9cole des parents<\/a><\/li>\n<li><a href=\"https:\/\/www.fapeo.ch\/projets\/harcelement-a-lecole\/\">Infos harc\u00e8lement<\/a><\/li>\n<li><a href=\"https:\/\/www.fapeo.ch\/projets\/cafe-de-parents\/\">Gestion des \u00e9crans<\/a><\/li>\n<li><a href=\"https:\/\/www.ge.ch\/espace-soutien-mediation-du-dip\">Espace de soutien et de m\u00e9diation<\/a><\/li>\n<\/ul>\n<\/div>\n<\/div>\n<\/div>\n","protected":false},"excerpt":{"rendered":"<p>Quelques liens utiles \u00c9cole Tour \u00c9cole Pommier \u00c9cole Village \u00c9cole Place Centre de loisirs du Grand-Saconnex Ludoth\u00e8que Parascolaire Commune du Grand-Saconnex &nbsp; FAPEO \u00c9cole des parents Infos harc\u00e8lement Gestion des \u00e9crans Espace de soutien et de m\u00e9diation<\/p>\n","protected":false},"author":1,"featured_media":0,"parent":0,"menu_order":0,"comment_status":"closed","ping_status":"closed","template":"","meta":{"footnotes":""},"class_list":["post-21","page","type-page","status-publish","hentry"],"_links":{"self":[{"href":"https:\/\/apegs.ch\/index.php?rest_route=\/wp\/v2\/pages\/21","targetHints":{"allow":["GET"]}}],"collection":[{"href":"https:\/\/apegs.ch\/index.php?rest_route=\/wp\/v2\/pages"}],"about":[{"href":"https:\/\/apegs.ch\/index.php?rest_route=\/wp\/v2\/types\/page"}],"author":[{"embeddable":true,"href":"https:\/\/apegs.ch\/index.php?rest_route=\/wp\/v2\/users\/1"}],"replies":[{"embeddable":true,"href":"https:\/\/apegs.ch\/index.php?rest_route=%2Fwp%2Fv2%2Fcomments&post=21"}],"version-history":[{"count":32,"href":"https:\/\/apegs.ch\/index.php?rest_route=\/wp\/v2\/pages\/21\/revisions"}],"predecessor-version":[{"id":1413,"href":"https:\/\/apegs.ch\/index.php?rest_route=\/wp\/v2\/pages\/21\/revisions\/1413"}],"wp:attachment":[{"href":"https:\/\/apegs.ch\/index.php?rest_route=%2Fwp%2Fv2%2Fmedia&parent=21"}],"curies":[{"name":"wp","href":"https:\/\/api.w.org\/{rel}","templated":true}]}}