{"id":337,"date":"2020-10-11T20:11:08","date_gmt":"2020-10-11T20:11:08","guid":{"rendered":"http:\/\/apegs.ch\/?page_id=337"},"modified":"2025-09-20T20:32:52","modified_gmt":"2025-09-20T20:32:52","slug":"devenez-membre","status":"publish","type":"page","link":"https:\/\/apegs.ch\/?page_id=337","title":{"rendered":"Devenez membre"},"content":{"rendered":"<p>Notre association a besoin de membres pour soutenir ses actions et r\u00e9pondre au mieux aux besoins des familles. Devenir membre n&#8217;implique pas forc\u00e9ment un engagement actif mais cela donne du poids \u00e0 notre association au sein de l&#8217;\u00e9cole de vos enfants et aupr\u00e8s de ses partenaires tels que la commune, le GIAP, le restaurant scolaire, etc. N&#8217;h\u00e9sitez donc pas \u00e0 payer votre cotisation.<\/p>\n<p>Et, si vous souhaitez devenir un-e membre actif-ve, et vous engager \u00e0 nos c\u00f4t\u00e9s, nous en serions tr\u00e8s heureuses et heureux. Pour cela, n&#8217;h\u00e9sitez pas \u00e0 nous \u00e9crire \u00e0 <a href=\"mailto:contact@apegs.ch\">contact@apegs.ch<\/a><\/p>\n<p>Le montant de la cotisation est de 20 CHF \u00e0 payer sur le compte postal : 12-12446-1 (IBAN: CH97 0900 0000 1201 2446 1)<span class=\"style_9\"><br \/>\n<\/span><\/p>\n<p>&nbsp;<\/p>\n","protected":false},"excerpt":{"rendered":"<p>Notre association a besoin de membres pour soutenir ses actions et r\u00e9pondre au mieux aux besoins des familles. Devenir membre n&#8217;implique pas forc\u00e9ment un engagement actif mais cela donne du poids \u00e0 notre association au sein de l&#8217;\u00e9cole de vos enfants et aupr\u00e8s de ses partenaires tels que la commune, le GIAP, le restaurant scolaire,&hellip;<\/p>\n","protected":false},"author":1,"featured_media":0,"parent":0,"menu_order":0,"comment_status":"closed","ping_status":"closed","template":"","meta":{"footnotes":""},"class_list":["post-337","page","type-page","status-publish","hentry"],"_links":{"self":[{"href":"https:\/\/apegs.ch\/index.php?rest_route=\/wp\/v2\/pages\/337","targetHints":{"allow":["GET"]}}],"collection":[{"href":"https:\/\/apegs.ch\/index.php?rest_route=\/wp\/v2\/pages"}],"about":[{"href":"https:\/\/apegs.ch\/index.php?rest_route=\/wp\/v2\/types\/page"}],"author":[{"embeddable":true,"href":"https:\/\/apegs.ch\/index.php?rest_route=\/wp\/v2\/users\/1"}],"replies":[{"embeddable":true,"href":"https:\/\/apegs.ch\/index.php?rest_route=%2Fwp%2Fv2%2Fcomments&post=337"}],"version-history":[{"count":13,"href":"https:\/\/apegs.ch\/index.php?rest_route=\/wp\/v2\/pages\/337\/revisions"}],"predecessor-version":[{"id":1632,"href":"https:\/\/apegs.ch\/index.php?rest_route=\/wp\/v2\/pages\/337\/revisions\/1632"}],"wp:attachment":[{"href":"https:\/\/apegs.ch\/index.php?rest_route=%2Fwp%2Fv2%2Fmedia&parent=337"}],"curies":[{"name":"wp","href":"https:\/\/api.w.org\/{rel}","templated":true}]}}