{"id":43,"date":"2017-08-11T21:51:47","date_gmt":"2017-08-11T21:51:47","guid":{"rendered":"http:\/\/martinvesely.ch\/apegs\/?page_id=43"},"modified":"2025-09-20T22:47:55","modified_gmt":"2025-09-20T22:47:55","slug":"contacts","status":"publish","type":"page","link":"https:\/\/apegs.ch\/?page_id=43","title":{"rendered":"Qui sommes nous?"},"content":{"rendered":"<div id=\"id4\" class=\"style_SkipStroke_1 shape-with-text\">\n<div class=\"text-content graphic_textbox_layout_style_default_External_510_66\">\n<div class=\"graphic_textbox_layout_style_default\">\n<h4 class=\"paragraph_style_4\"><span class=\"style_3\"><strong>Le comit\u00e9<\/strong><\/span><\/h4>\n<\/div>\n<\/div>\n<div id=\"id5\" class=\"style_SkipStroke_1 shape-with-text\">\n<div class=\"text-content graphic_textbox_layout_style_default_External_524_161\">\n<div class=\"graphic_textbox_layout_style_default\">\n<p class=\"paragraph_style_7\"><span class=\"style_3\"><span class=\"style_5\"><span class=\"D_F rtlI_dz_sSg\" data-test-id=\"email-pill\"><span class=\"C4_Z29WjXl\" title=\"ferreira.geniecivil@gmail.com\" data-test-id=\"message-to\">Domingos Ferreira <\/span><\/span>(\u00e9cole Village et Place): pr\u00e9sident<br \/>\nMyriam Garcia (\u00e9cole Pommier): tr\u00e9sori\u00e8re<br \/>\n<\/span><\/span>Annika Cossy-Ravioli (\u00e9cole Village<span class=\"style_3\"><span class=\"style_5\"> et Place<\/span><\/span>): membre<br \/>\nTriffin Nankobogo (\u00e9cole Village<span class=\"style_3\"><span class=\"style_5\"> et Place<\/span><\/span>): membre<\/p>\n<p>&nbsp;<\/p>\n<p class=\"paragraph_style_7\"><span class=\"style_5\">\u00a0\u00a0\u00a0\u00a0\u00a0 <\/span><span class=\"style_5\">\u00a0\u00a0\u00a0\u00a0\u00a0\u00a0\u00a0\u00a0\u00a0\u00a0\u00a0\u00a0\u00a0\u00a0\u00a0\u00a0\u00a0\u00a0\u00a0\u00a0\u00a0\u00a0\u00a0 <\/span><span class=\"style_5\"><br \/>\n<\/span><span class=\"style_7\">Vous pouvez nous soutenir ou devenir membre de l&#8217;APEGS:<\/span><span class=\"style_8\"><br \/>\n<\/span><\/p>\n<\/div>\n<\/div>\n<\/div>\n<div id=\"id5\" class=\"style_SkipStroke_1 shape-with-text\">\n<div class=\"text-content graphic_textbox_layout_style_default_External_524_161\">\n<div id=\"id6\" class=\"style_SkipStroke_1 shape-with-text\">\n<div class=\"text-content graphic_textbox_layout_style_default_External_529_335\">\n<div class=\"graphic_textbox_layout_style_default\">\n<p class=\"paragraph_style_10\">En payant votre cotisation de 20 CHF au Compte postal : 12-12446-1 (IBAN: CH97 0900 0000 1201 2446 1) et en envoyant vos coordonn\u00e9es compl\u00e8tes avec votre email et l&#8217;\u00e9cole fr\u00e9quent\u00e9e par vos enfants \u00e0 <a class=\"Aucun\" title=\"mailto:contact@apegs.ch\" href=\"mailto:contact@apegs.ch\">contact@apegs.ch<\/a><span class=\"style_9\"><br \/>\n<\/span><\/p>\n<\/div>\n<\/div>\n<\/div>\n<div class=\"spacer\"><\/div>\n<\/div>\n<\/div>\n<h4><span class=\"style_3\">\u00a0<\/span><\/h4>\n<h4><span class=\"style_3\">\u00a0<\/span><\/h4>\n<\/div>\n","protected":false},"excerpt":{"rendered":"<p>Le comit\u00e9 Domingos Ferreira (\u00e9cole Village et Place): pr\u00e9sident Myriam Garcia (\u00e9cole Pommier): tr\u00e9sori\u00e8re Annika Cossy-Ravioli (\u00e9cole Village et Place): membre Triffin Nankobogo (\u00e9cole Village et Place): membre &nbsp; \u00a0\u00a0\u00a0\u00a0\u00a0 \u00a0\u00a0\u00a0\u00a0\u00a0\u00a0\u00a0\u00a0\u00a0\u00a0\u00a0\u00a0\u00a0\u00a0\u00a0\u00a0\u00a0\u00a0\u00a0\u00a0\u00a0\u00a0\u00a0 Vous pouvez nous soutenir ou devenir membre de l&#8217;APEGS: En payant votre cotisation de 20 CHF au Compte postal : 12-12446-1 (IBAN: CH97 0900&hellip;<\/p>\n","protected":false},"author":1,"featured_media":0,"parent":0,"menu_order":5,"comment_status":"closed","ping_status":"closed","template":"","meta":{"footnotes":""},"class_list":["post-43","page","type-page","status-publish","hentry"],"_links":{"self":[{"href":"https:\/\/apegs.ch\/index.php?rest_route=\/wp\/v2\/pages\/43","targetHints":{"allow":["GET"]}}],"collection":[{"href":"https:\/\/apegs.ch\/index.php?rest_route=\/wp\/v2\/pages"}],"about":[{"href":"https:\/\/apegs.ch\/index.php?rest_route=\/wp\/v2\/types\/page"}],"author":[{"embeddable":true,"href":"https:\/\/apegs.ch\/index.php?rest_route=\/wp\/v2\/users\/1"}],"replies":[{"embeddable":true,"href":"https:\/\/apegs.ch\/index.php?rest_route=%2Fwp%2Fv2%2Fcomments&post=43"}],"version-history":[{"count":46,"href":"https:\/\/apegs.ch\/index.php?rest_route=\/wp\/v2\/pages\/43\/revisions"}],"predecessor-version":[{"id":1637,"href":"https:\/\/apegs.ch\/index.php?rest_route=\/wp\/v2\/pages\/43\/revisions\/1637"}],"wp:attachment":[{"href":"https:\/\/apegs.ch\/index.php?rest_route=%2Fwp%2Fv2%2Fmedia&parent=43"}],"curies":[{"name":"wp","href":"https:\/\/api.w.org\/{rel}","templated":true}]}}