{"id":76,"date":"2020-01-24T12:24:48","date_gmt":"2020-01-24T12:24:48","guid":{"rendered":"http:\/\/apegs.ch\/?page_id=76"},"modified":"2025-09-20T22:00:04","modified_gmt":"2025-09-20T22:00:04","slug":"vos-annonces","status":"publish","type":"page","link":"https:\/\/apegs.ch\/?page_id=76","title":{"rendered":"Petites annonces"},"content":{"rendered":"<p><em>Toutes les petites annonces affich\u00e9es sur cette page sont ind\u00e9pendantes de l\u2019APEGS. Ainsi, notre association d\u00e9cline toute responsabilit\u00e9 quant au contenu et aux personnes en relation avec ces offres.<\/em><\/p>\n<p><img loading=\"lazy\" decoding=\"async\" class=\"alignnone wp-image-1633\" src=\"http:\/\/apegs.ch\/wp-content\/uploads\/2025\/09\/Texte-pianiste-grand-saconnex.png\" alt=\"\" width=\"241\" height=\"200\" srcset=\"https:\/\/apegs.ch\/wp-content\/uploads\/2025\/09\/Texte-pianiste-grand-saconnex.png 736w, https:\/\/apegs.ch\/wp-content\/uploads\/2025\/09\/Texte-pianiste-grand-saconnex-300x249.png 300w\" sizes=\"auto, (max-width: 241px) 100vw, 241px\" \/>\u00a0<img loading=\"lazy\" decoding=\"async\" class=\"wp-image-403 alignnone\" src=\"http:\/\/apegs.ch\/wp-content\/uploads\/2020\/10\/ARA_R\u00e9p\u00e9titoires-1-300x180.png\" alt=\"\" width=\"334\" height=\"200\" srcset=\"https:\/\/apegs.ch\/wp-content\/uploads\/2020\/10\/ARA_R\u00e9p\u00e9titoires-1-300x180.png 300w, https:\/\/apegs.ch\/wp-content\/uploads\/2020\/10\/ARA_R\u00e9p\u00e9titoires-1-768x461.png 768w, https:\/\/apegs.ch\/wp-content\/uploads\/2020\/10\/ARA_R\u00e9p\u00e9titoires-1-1024x615.png 1024w, https:\/\/apegs.ch\/wp-content\/uploads\/2020\/10\/ARA_R\u00e9p\u00e9titoires-1.png 1260w\" sizes=\"auto, (max-width: 334px) 100vw, 334px\" \/><\/p>\n<p><em>Si vous voulez faire para\u00eetre une petite annonce sur cette page, merci de nous \u00e9crire \u00e0 <a href=\"mailto:contact@apegs.ch\">contact@apegs.ch<\/a><\/em><\/p>\n","protected":false},"excerpt":{"rendered":"<p>Toutes les petites annonces affich\u00e9es sur cette page sont ind\u00e9pendantes de l\u2019APEGS. Ainsi, notre association d\u00e9cline toute responsabilit\u00e9 quant au contenu et aux personnes en relation avec ces offres. \u00a0 Si vous voulez faire para\u00eetre une petite annonce sur cette page, merci de nous \u00e9crire \u00e0 contact@apegs.ch<\/p>\n","protected":false},"author":1,"featured_media":0,"parent":0,"menu_order":0,"comment_status":"closed","ping_status":"closed","template":"","meta":{"footnotes":""},"class_list":["post-76","page","type-page","status-publish","hentry"],"_links":{"self":[{"href":"https:\/\/apegs.ch\/index.php?rest_route=\/wp\/v2\/pages\/76","targetHints":{"allow":["GET"]}}],"collection":[{"href":"https:\/\/apegs.ch\/index.php?rest_route=\/wp\/v2\/pages"}],"about":[{"href":"https:\/\/apegs.ch\/index.php?rest_route=\/wp\/v2\/types\/page"}],"author":[{"embeddable":true,"href":"https:\/\/apegs.ch\/index.php?rest_route=\/wp\/v2\/users\/1"}],"replies":[{"embeddable":true,"href":"https:\/\/apegs.ch\/index.php?rest_route=%2Fwp%2Fv2%2Fcomments&post=76"}],"version-history":[{"count":75,"href":"https:\/\/apegs.ch\/index.php?rest_route=\/wp\/v2\/pages\/76\/revisions"}],"predecessor-version":[{"id":1634,"href":"https:\/\/apegs.ch\/index.php?rest_route=\/wp\/v2\/pages\/76\/revisions\/1634"}],"wp:attachment":[{"href":"https:\/\/apegs.ch\/index.php?rest_route=%2Fwp%2Fv2%2Fmedia&parent=76"}],"curies":[{"name":"wp","href":"https:\/\/api.w.org\/{rel}","templated":true}]}}